{"id":19346,"date":"2022-08-04T13:52:34","date_gmt":"2022-08-04T13:52:34","guid":{"rendered":"https:\/\/spanishprofessionals.es\/auto-body-mechanic-and-car-painter\/"},"modified":"2026-01-14T16:00:19","modified_gmt":"2026-01-14T16:00:19","slug":"empleo-chapista-pintor-extranjero-holanda","status":"publish","type":"page","link":"https:\/\/spanishprofessionals.es\/es\/empleo-chapista-pintor-extranjero-holanda\/","title":{"rendered":"Chapistas y Pintores de coches"},"content":{"rendered":"<p>[vc_row full_width=\u00bbstretch_row_content_no_spaces\u00bb disable_element=\u00bbyes\u00bb][vc_column]<div class=\"mj_pagetitle\">\n        <img src=\"\" alt=\"\">\n\t\t<div class=\"mj_mainheading_overlay\"><\/div>\n        <div class=\"mj_pagetitle_inner\">\n            <div class=\"container\">\n                <div class=\"row\">\n                    <div class=\"col-lg-12 col-md-12 col-sm-12 col-xs-12\">\n                        <div class=\"mj_mainheading mj_toppadder80 mj_bottompadder80\">\n                            <h1><\/h1>\n                            <p><\/p>\n                        <\/div>\n                    <\/div>\n                <\/div>\n            <\/div>\n        <\/div>\n    <\/div>[\/vc_column][\/vc_row][vc_row][vc_column]<div class=\"row\">\n\t\t<div class=\"col-lg-8 col-md-8 col-sm-12 col-xs-12 col-lg-offset-2 col-md-offset-2 col-sm-offset-0 col-xs-offset-0\">\n\t\t\t<div class=\"mj_mainheading mj_toppadder80 mj_bottompadder50\">\n\t\t\t\t<h1>\u00a1Bienvenido a las Jornadas de Reclutamiento de Chapistas y Pintores de Coches!<\/h1>\n\t\t\t\t<p>\u00a1Est\u00e1s a solo unos pasos de registrarte para las pr\u00f3ximas Jornadas de Reclutamiento de Chapistas y Pintores de Coches! \u00a1El jueves 19 de febrero de 2026 realizaremos entrevistas para mec\u00e1nicos de carrocer\u00eda y pintores de coches! Tenemos muchos trabajos para cubrir en Holanda y ofrecemos salarios muy competitivos dependiendo de tu nivel de habilidad y experiencia. \u00a1Env\u00ede tu curr\u00edculum hoy y sea seleccionado para una entrevista y encuentre el trabajo de tus sue\u00f1os en Holanda!<\/p>\n\t\t\t<\/div>\n\t\t<\/div>\n    <\/div>[\/vc_column][\/vc_row][vc_row][vc_column]<div class=\"mj_recent_workit\">\n\t<div class=\"mj_workit_innerheader\">\n\t\t<h4>Descripci\u00f3n Del Trabajo<\/h4>\n\t<\/div>\n\t<div class=\"mj_workit_info\">\n\t\t<div class=\"row\">\n\t\t\t<div class=\"col-lg-3 col-md-3 col-sm-12 col-xs-12 text-center\">\n\t\t\t\t<img src=\"https:\/\/spanishprofessionals.es\/wp-content\/uploads\/2016\/02\/icon_binoculars-1.png\" class=\"img-responsive\" alt=\"\">\n\t\t\t<\/div>\n\t\t\t<div class=\"col-lg-9 col-md-9 col-sm-12 col-xs-12\">\n\t\t\t\t<p class=\"mj_toppadder40\">Como chapista, sabe c\u00f3mo reparar o restaurar los da\u00f1os a los veh\u00edculos a partir de la alineaci\u00f3n del chasis del autom\u00f3vil, la eliminaci\u00f3n de abolladuras para reemplazar las piezas da\u00f1adas. Como pintor, tiene un conocimiento considerable de los m\u00e9todos, las herramientas y los equipos utilizados en la pintura de autom\u00f3viles, la mezcla de pintura y el mantenimiento de equipos de pintura. Te diviertes todos los d\u00edas en el trabajo con tus compa\u00f1eros. Adem\u00e1s, est\u00e1 atento a los clientes y est\u00e1 feliz de explicar las reparaciones del autom\u00f3vil.<\/p>\n\t\t\t<\/div>\n\t\t<\/div>\n\t<\/div>\n\t<div class=\"mj_workit_innerfooter text-center\">\n\t\t<a href=\"#submit\" target=\"\">INSCR\u00cdBETE HOY ENVIANDO TU CURR\u00cdCULUM<\/a>\n\t<\/div>\n    <\/div>[\/vc_column][\/vc_row][vc_row][vc_column width=\u00bb1\/2&#8243;]<div class=\"mj_recent_workit text-center\">\n\t\t<div class=\"mj_workit_innerheader\">\n\t\t\t<h4>Qu\u00e9 ofrecemos<\/h4>\n\t\t<\/div>\n\t\t<div class=\"mj_workit_info\">\n\t\t\t<img src=\"https:\/\/spanishprofessionals.es\/wp-content\/uploads\/2022\/08\/count3-1-1-1.png\" class=\"img-responsive\" alt=\"\">\n\t\t\t<p class=\"mj_toppadder50\">Se ofrece la posibilidad de un trabajo indefinido a tiempo completo, vivienda compartida, crecimiento profesional, ampliar conocimientos de idiomas y un salario muy competitivo.<\/p>\n\t\t<\/div>\n\t\t<div class=\"mj_workit_innerfooter\">\n\t\t\t<a href=\"#submit\" target=\"\">INSCR\u00cdBETE HOY ENVIANDO TU CURR\u00cdCULUM<\/a>\n\t\t<\/div>\n    <\/div>[\/vc_column][vc_column width=\u00bb1\/2&#8243;]<div class=\"mj_recent_workit text-center\">\n\t\t<div class=\"mj_workit_innerheader\">\n\t\t\t<h4>C\u00f3mo funciona<\/h4>\n\t\t<\/div>\n\t\t<div class=\"mj_workit_info\">\n\t\t\t<img src=\"https:\/\/spanishprofessionals.es\/wp-content\/uploads\/2016\/02\/icon_resume-170x106.png\" class=\"img-responsive\" alt=\"jobs mechanical industrial electrical engineers\">\n\t\t\t<p class=\"mj_toppadder50\">Env\u00edanos tu CV, preferiblemente en ingl\u00e9s, y no olvides enviarnos una copia de tu diploma de chapista o pintor de coches. \u00a1Uno de nuestros reclutadores se pondr\u00e1 en contacto contigo!<\/p>\n\t\t<\/div>\n\t\t<div class=\"mj_workit_innerfooter\">\n\t\t\t<a href=\"#submit\" target=\"\">INSCR\u00cdBETE HOY ENVIANDO TU CURR\u00cdCULUM<\/a>\n\t\t<\/div>\n    <\/div>[\/vc_column][\/vc_row][vc_row][vc_column]<div class=\"mj_recent_workit\">\n\t<div class=\"mj_workit_innerheader\">\n\t\t<h4>Programa de Reubicaci\u00f3n Internacional<\/h4>\n\t<\/div>\n\t<div class=\"mj_workit_info\">\n\t\t<div class=\"row\">\n\t\t\t<div class=\"col-lg-3 col-md-3 col-sm-12 col-xs-12 text-center\">\n\t\t\t\t<img src=\"https:\/\/spanishprofessionals.es\/wp-content\/uploads\/2016\/02\/icon_suitcase-170x213.png\" class=\"img-responsive\" alt=\"jobs mechanical industrial electrical engineers\">\n\t\t\t<\/div>\n\t\t\t<div class=\"col-lg-9 col-md-9 col-sm-12 col-xs-12\">\n\t\t\t\t<p class=\"mj_toppadder40\">Este programa es ofrecido por los empleadores y garantiza que los talleres de chapistas y los pintores de autom\u00f3viles reciban un apoyo total en el proceso de integraci\u00f3n en los Pa\u00edses Bajos. Se les ayudar\u00e1 con una buena vivienda cerca del lugar de trabajo, a solicitar el n\u00famero BSN (NIE) y el seguro de salud.<\/p>\n\t\t\t<\/div>\n\t\t<\/div>\n\t<\/div>\n\t<div class=\"mj_workit_innerfooter text-center\">\n\t\t<a href=\"#submit\" target=\"\">INSCR\u00cdBETE HOY ENVIANDO TU CURR\u00cdCULUM<\/a>\n\t<\/div>\n    <\/div>[\/vc_column][\/vc_row][vc_row][vc_column css=\u00bb.vc_custom_1523951741835{padding-right: 0px !important;padding-left: 0px !important;}\u00bb el_class=\u00bbrecruitment-days\u00bb]<div role=\"form\" class=\"wpcf7\" id=\"wpcf7-f18394-o1\" lang=\"en-US\" dir=\"ltr\">\n<div class=\"screen-reader-response\"><p role=\"status\" aria-live=\"polite\" aria-atomic=\"true\"><\/p> <ul><\/ul><\/div>\n<form action=\"\/es\/wp-json\/wp\/v2\/pages\/19346#wpcf7-f18394-o1\" method=\"post\" class=\"wpcf7-form init\" enctype=\"multipart\/form-data\" novalidate=\"novalidate\" data-status=\"init\">\n<div style=\"display: none;\">\n<input type=\"hidden\" name=\"_wpcf7\" value=\"18394\" \/>\n<input type=\"hidden\" name=\"_wpcf7_version\" value=\"5.4.2\" \/>\n<input type=\"hidden\" name=\"_wpcf7_locale\" value=\"en_US\" \/>\n<input type=\"hidden\" name=\"_wpcf7_unit_tag\" value=\"wpcf7-f18394-o1\" \/>\n<input type=\"hidden\" name=\"_wpcf7_container_post\" value=\"0\" \/>\n<input type=\"hidden\" name=\"_wpcf7_posted_data_hash\" value=\"\" \/>\n<input type=\"hidden\" name=\"_wpcf7_recaptcha_response\" value=\"\" \/>\n<\/div>\n<div class=\"vc_row wpb_row vc_row-fluid\" id=\"submit\">\n<div class=\"wpb_column vc_column_container vc_col-sm-12\">\n<div class=\"vc_column-inner \">\n<div class=\"wpb_wrapper\">\n<div class=\"mj_recent_workit\">\n<div class=\"mj_workit_innerheader\">\n<h4>Env\u00eda tu curr\u00edculum ahora<\/h4>\n<\/div>\n<div class=\"mj_workit_info\">\n<div class=\"row\">\n<div class=\"row\">\n<div class=\"col-md-6\">\n<div class=\"form-group\"><span class=\"wpcf7-form-control-wrap FullName\"><input type=\"text\" name=\"FullName\" value=\"\" size=\"40\" class=\"wpcf7-form-control wpcf7-text wpcf7-validates-as-required\" aria-required=\"true\" aria-invalid=\"false\" placeholder=\"Nombre*\" \/><\/span><\/div>\n<div class=\"form-group\"><span class=\"wpcf7-form-control-wrap Email\"><input type=\"email\" name=\"Email\" value=\"\" size=\"40\" class=\"wpcf7-form-control wpcf7-text wpcf7-email wpcf7-validates-as-required wpcf7-validates-as-email\" aria-required=\"true\" aria-invalid=\"false\" placeholder=\"Correo electr\u00f3nico*\" \/><\/span><\/div>\n<div class=\"form-group\"><span class=\"wpcf7-form-control-wrap status\"><select name=\"status\" class=\"wpcf7-form-control wpcf7-select wpcf7-validates-as-required legalstatus\" aria-required=\"true\" aria-invalid=\"false\"><option value=\"Estatus legal\">Estatus legal<\/option><option value=\"Ciudadano de la UE\/EEE o Suiza\">Ciudadano de la UE\/EEE o Suiza<\/option><option value=\"No ciudadano de la UE con permiso de trabajo v\u00e1lido\">No ciudadano de la UE con permiso de trabajo v\u00e1lido<\/option><option value=\"No ciudadano de la UE sin permiso de trabajo\">No ciudadano de la UE sin permiso de trabajo<\/option><\/select><\/span><\/div>\n<div class=\"form-group\"><span class=\"wpcf7-form-control-wrap Phone\"><input type=\"tel\" name=\"Phone\" value=\"\" size=\"40\" class=\"wpcf7-form-control wpcf7-text wpcf7-tel wpcf7-validates-as-required wpcf7-validates-as-tel\" aria-required=\"true\" aria-invalid=\"false\" placeholder=\"Tel\u00e9fono*\" \/><\/span><\/div>\n<\/div>\n<div class=\"col-md-6\">\n<span id=\"wpcf7-69da53e566a52-wrapper\" class=\"wpcf7-form-control-wrap website-wrap\" style=\"display:none !important; visibility:hidden !important;\"><label for=\"wpcf7-69da53e566a52-field\" class=\"hp-message\">Por favor, deja este campo vac\u00edo.<\/label><input id=\"wpcf7-69da53e566a52-field\"  class=\"wpcf7-form-control wpcf7-text\" type=\"text\" name=\"website\" value=\"\" size=\"40\" tabindex=\"-1\" autocomplete=\"new-password\" \/><\/span><br \/>\n\t\t\t\t\t<label for=\"Resume\">Sube tu curr\u00edculum<span class=\"conditions\">(doc, docx, odt or pdf - max 5MB)<\/span><\/label><span class=\"wpcf7-form-control-wrap Resume\"><input type=\"file\" name=\"Resume\" size=\"40\" class=\"wpcf7-form-control wpcf7-file wpcf7-validates-as-required\" accept=\".doc,.docx,.odt,.pdf\" aria-required=\"true\" aria-invalid=\"false\" \/><\/span><\/p>\n<span class=\"wpcf7-form-control-wrap recaptcha\"><span data-sitekey=\"6LdkWC0UAAAAAJe7ciWwQiTIEXOa1xY_Gfv7qpTH\" class=\"wpcf7-form-control g-recaptcha wpcf7-recaptcha\"><\/span>\r\n<noscript>\r\n\t<div class=\"grecaptcha-noscript\">\r\n\t\t<iframe src=\"https:\/\/www.google.com\/recaptcha\/api\/fallback?k=6LdkWC0UAAAAAJe7ciWwQiTIEXOa1xY_Gfv7qpTH\" frameborder=\"0\" scrolling=\"no\" width=\"310\" height=\"430\">\r\n\t\t<\/iframe>\r\n\t\t<textarea name=\"g-recaptcha-response\" rows=\"3\" cols=\"40\" placeholder=\"Aqu\u00ed la respuesta de reCAPTCHA\">\r\n\t\t<\/textarea>\r\n\t<\/div>\r\n<\/noscript>\r\n<\/span>\n<\/div>\n<\/div>\n<\/div>\n<\/div>\n<div class=\"mj_workit_innerfooter text-center\" id=\"submit_form\">\n\t\t<span class=\"Submit\">Enviar ahora<\/span>\n\t<\/div>\n<\/div>\n<\/div>\n<\/div>\n<\/div>\n<\/div>\n<p><script>var wpcf7Elm=document.querySelector('.wpcf7');jQuery(\"#submit_form, #submit_form a\").click(function(e){e.preventDefault();if(!jQuery(this).hasClass('disabled')){jQuery(this).toggleClass('disabled',true);jQuery('form.wpcf7-form').submit();}});wpcf7Elm.addEventListener('wpcf7submit',function(event){jQuery('#submit_form').toggleClass('disabled',false);console.log('submit');},false);<\/script><\/p>\n<div class=\"wpcf7-response-output\" aria-hidden=\"true\"><\/div><\/form><\/div>[\/vc_column][\/vc_row]<\/p>\n","protected":false},"excerpt":{"rendered":"<p>[vc_row full_width=\u00bbstretch_row_content_no_spaces\u00bb disable_element=\u00bbyes\u00bb][vc_column][\/vc_column][\/vc_row][vc_row][vc_column][\/vc_column][\/vc_row][vc_row][vc_column][\/vc_column][\/vc_row][vc_row][vc_column width=\u00bb1\/2&#8243;][\/vc_column][vc_column width=\u00bb1\/2&#8243;][\/vc_column][\/vc_row][vc_row][vc_column][\/vc_column][\/vc_row][vc_row][vc_column css=\u00bb.vc_custom_1523951741835{padding-right: 0px !important;padding-left: 0px !important;}\u00bb el_class=\u00bbrecruitment-days\u00bb][\/vc_column][\/vc_row]<\/p>\n","protected":false},"author":2,"featured_media":0,"parent":0,"menu_order":0,"comment_status":"closed","ping_status":"closed","template":"","meta":[],"yoast_head":"<!-- This site is optimized with the Yoast SEO plugin v17.1 - https:\/\/yoast.com\/wordpress\/plugins\/seo\/ -->\n<title>Empleo para Chapistas y Pintores de coches - Spanish Professionals<\/title>\n<meta name=\"description\" content=\"\u00a1El jueves 19 de febrero de 2026 tendremos d\u00edas de prueba para chapistas y pintores de coches para trabajar en Holanda!\" \/>\n<meta name=\"robots\" content=\"index, follow, max-snippet:-1, max-image-preview:large, max-video-preview:-1\" \/>\n<link rel=\"canonical\" href=\"https:\/\/spanishprofessionals.es\/es\/empleo-chapista-pintor-extranjero-holanda\/\" \/>\n<meta property=\"og:locale\" content=\"es_ES\" \/>\n<meta property=\"og:type\" content=\"article\" \/>\n<meta property=\"og:title\" content=\"Empleo para Chapistas y Pintores de coches - Spanish Professionals\" \/>\n<meta property=\"og:description\" content=\"\u00a1El jueves 19 de febrero de 2026 tendremos d\u00edas de prueba para chapistas y pintores de coches para trabajar en Holanda!\" \/>\n<meta property=\"og:url\" content=\"https:\/\/spanishprofessionals.es\/es\/empleo-chapista-pintor-extranjero-holanda\/\" \/>\n<meta property=\"og:site_name\" content=\"Spanish Professionals\" \/>\n<meta property=\"article:modified_time\" content=\"2026-01-14T16:00:19+00:00\" \/>\n<meta name=\"twitter:card\" content=\"summary\" \/>\n<meta name=\"twitter:label1\" content=\"Tiempo de lectura\" \/>\n\t<meta name=\"twitter:data1\" content=\"2 minutos\" \/>\n<script type=\"application\/ld+json\" class=\"yoast-schema-graph\">{\"@context\":\"https:\/\/schema.org\",\"@graph\":[{\"@type\":\"WebSite\",\"@id\":\"https:\/\/spanishprofessionals.es\/#website\",\"url\":\"https:\/\/spanishprofessionals.es\/\",\"name\":\"Spanish Professionals\",\"description\":\"\",\"potentialAction\":[{\"@type\":\"SearchAction\",\"target\":{\"@type\":\"EntryPoint\",\"urlTemplate\":\"https:\/\/spanishprofessionals.es\/?s={search_term_string}\"},\"query-input\":\"required name=search_term_string\"}],\"inLanguage\":\"es\"},{\"@type\":\"WebPage\",\"@id\":\"https:\/\/spanishprofessionals.es\/es\/empleo-chapista-pintor-extranjero-holanda\/#webpage\",\"url\":\"https:\/\/spanishprofessionals.es\/es\/empleo-chapista-pintor-extranjero-holanda\/\",\"name\":\"Empleo para Chapistas y Pintores de coches - Spanish Professionals\",\"isPartOf\":{\"@id\":\"https:\/\/spanishprofessionals.es\/#website\"},\"datePublished\":\"2022-08-04T13:52:34+00:00\",\"dateModified\":\"2026-01-14T16:00:19+00:00\",\"description\":\"\\u00a1El jueves 19 de febrero de 2026 tendremos d\\u00edas de prueba para chapistas y pintores de coches para trabajar en Holanda!\",\"breadcrumb\":{\"@id\":\"https:\/\/spanishprofessionals.es\/es\/empleo-chapista-pintor-extranjero-holanda\/#breadcrumb\"},\"inLanguage\":\"es\",\"potentialAction\":[{\"@type\":\"ReadAction\",\"target\":[\"https:\/\/spanishprofessionals.es\/es\/empleo-chapista-pintor-extranjero-holanda\/\"]}]},{\"@type\":\"BreadcrumbList\",\"@id\":\"https:\/\/spanishprofessionals.es\/es\/empleo-chapista-pintor-extranjero-holanda\/#breadcrumb\",\"itemListElement\":[{\"@type\":\"ListItem\",\"position\":1,\"name\":\"Home\",\"item\":\"https:\/\/spanishprofessionals.es\/es\/\"},{\"@type\":\"ListItem\",\"position\":2,\"name\":\"Chapistas y Pintores de coches\"}]}]}<\/script>\n<!-- \/ Yoast SEO plugin. -->","yoast_head_json":{"title":"Empleo para Chapistas y Pintores de coches - Spanish Professionals","description":"\u00a1El jueves 19 de febrero de 2026 tendremos d\u00edas de prueba para chapistas y pintores de coches para trabajar en Holanda!","robots":{"index":"index","follow":"follow","max-snippet":"max-snippet:-1","max-image-preview":"max-image-preview:large","max-video-preview":"max-video-preview:-1"},"canonical":"https:\/\/spanishprofessionals.es\/es\/empleo-chapista-pintor-extranjero-holanda\/","og_locale":"es_ES","og_type":"article","og_title":"Empleo para Chapistas y Pintores de coches - Spanish Professionals","og_description":"\u00a1El jueves 19 de febrero de 2026 tendremos d\u00edas de prueba para chapistas y pintores de coches para trabajar en Holanda!","og_url":"https:\/\/spanishprofessionals.es\/es\/empleo-chapista-pintor-extranjero-holanda\/","og_site_name":"Spanish Professionals","article_modified_time":"2026-01-14T16:00:19+00:00","twitter_card":"summary","twitter_misc":{"Tiempo de lectura":"2 minutos"},"schema":{"@context":"https:\/\/schema.org","@graph":[{"@type":"WebSite","@id":"https:\/\/spanishprofessionals.es\/#website","url":"https:\/\/spanishprofessionals.es\/","name":"Spanish Professionals","description":"","potentialAction":[{"@type":"SearchAction","target":{"@type":"EntryPoint","urlTemplate":"https:\/\/spanishprofessionals.es\/?s={search_term_string}"},"query-input":"required name=search_term_string"}],"inLanguage":"es"},{"@type":"WebPage","@id":"https:\/\/spanishprofessionals.es\/es\/empleo-chapista-pintor-extranjero-holanda\/#webpage","url":"https:\/\/spanishprofessionals.es\/es\/empleo-chapista-pintor-extranjero-holanda\/","name":"Empleo para Chapistas y Pintores de coches - Spanish Professionals","isPartOf":{"@id":"https:\/\/spanishprofessionals.es\/#website"},"datePublished":"2022-08-04T13:52:34+00:00","dateModified":"2026-01-14T16:00:19+00:00","description":"\u00a1El jueves 19 de febrero de 2026 tendremos d\u00edas de prueba para chapistas y pintores de coches para trabajar en Holanda!","breadcrumb":{"@id":"https:\/\/spanishprofessionals.es\/es\/empleo-chapista-pintor-extranjero-holanda\/#breadcrumb"},"inLanguage":"es","potentialAction":[{"@type":"ReadAction","target":["https:\/\/spanishprofessionals.es\/es\/empleo-chapista-pintor-extranjero-holanda\/"]}]},{"@type":"BreadcrumbList","@id":"https:\/\/spanishprofessionals.es\/es\/empleo-chapista-pintor-extranjero-holanda\/#breadcrumb","itemListElement":[{"@type":"ListItem","position":1,"name":"Home","item":"https:\/\/spanishprofessionals.es\/es\/"},{"@type":"ListItem","position":2,"name":"Chapistas y Pintores de coches"}]}]}},"_links":{"self":[{"href":"https:\/\/spanishprofessionals.es\/es\/wp-json\/wp\/v2\/pages\/19346"}],"collection":[{"href":"https:\/\/spanishprofessionals.es\/es\/wp-json\/wp\/v2\/pages"}],"about":[{"href":"https:\/\/spanishprofessionals.es\/es\/wp-json\/wp\/v2\/types\/page"}],"author":[{"embeddable":true,"href":"https:\/\/spanishprofessionals.es\/es\/wp-json\/wp\/v2\/users\/2"}],"replies":[{"embeddable":true,"href":"https:\/\/spanishprofessionals.es\/es\/wp-json\/wp\/v2\/comments?post=19346"}],"version-history":[{"count":6,"href":"https:\/\/spanishprofessionals.es\/es\/wp-json\/wp\/v2\/pages\/19346\/revisions"}],"predecessor-version":[{"id":20150,"href":"https:\/\/spanishprofessionals.es\/es\/wp-json\/wp\/v2\/pages\/19346\/revisions\/20150"}],"wp:attachment":[{"href":"https:\/\/spanishprofessionals.es\/es\/wp-json\/wp\/v2\/media?parent=19346"}],"curies":[{"name":"wp","href":"https:\/\/api.w.org\/{rel}","templated":true}]}}