{"id":19070,"date":"2016-02-20T08:07:54","date_gmt":"2016-02-20T08:07:54","guid":{"rendered":"https:\/\/spanishprofessionals.es\/albanil-recruitment-days\/"},"modified":"2026-02-04T11:07:10","modified_gmt":"2026-02-04T11:07:10","slug":"construccion-dias-de-reclutamiento","status":"publish","type":"page","link":"https:\/\/spanishprofessionals.es\/es\/construccion-dias-de-reclutamiento\/","title":{"rendered":"Construcci\u00f3n d\u00edas de reclutamiento"},"content":{"rendered":"<p>[vc_row full_width=\u00bbstretch_row_content_no_spaces\u00bb][vc_column]<div class=\"mj_pagetitle\">\n        <img src=\"https:\/\/spanishprofessionals.es\/wp-content\/uploads\/2016\/02\/Construction-jobs.jpg\" alt=\"\">\n\t\t<div class=\"mj_mainheading_overlay\"><\/div>\n        <div class=\"mj_pagetitle_inner\">\n            <div class=\"container\">\n                <div class=\"row\">\n                    <div class=\"col-lg-12 col-md-12 col-sm-12 col-xs-12\">\n                        <div class=\"mj_mainheading mj_toppadder80 mj_bottompadder80\">\n                            <h1><\/h1>\n                            <p><\/p>\n                        <\/div>\n                    <\/div>\n                <\/div>\n            <\/div>\n        <\/div>\n    <\/div>[\/vc_column][\/vc_row][vc_row][vc_column]<div class=\"row\">\n\t\t<div class=\"col-lg-8 col-md-8 col-sm-12 col-xs-12 col-lg-offset-2 col-md-offset-2 col-sm-offset-0 col-xs-offset-0\">\n\t\t\t<div class=\"mj_mainheading mj_toppadder80 mj_bottompadder50\">\n\t\t\t\t<h1>\u00a1Bienvenido a los D\u00edas de Reclutamiento de la construcci\u00f3n!<\/h1>\n\t\t\t\t<p>\u00a1Est\u00e1s solo unos pasos de registrarte para los PR\u00d3XIMOS d\u00edas de reclutamiento de la construcci\u00f3n! El d\u00eda 17 de marzo de 2026, realizaremos entrevistas para trabajos de construcci\u00f3n. Tenemos trabajos con un salario muy competitivo para trabajar en el sector de la construcci\u00f3n en proyectos de larga duracion en Holanda. \u00a1Puede tener la oportunidad \u00fanica de ser seleccionado para una entrevista y encontrar el trabajo de sus sue\u00f1os en Holanda!<\/p>\n\t\t\t<\/div>\n\t\t<\/div>\n    <\/div>[\/vc_column][\/vc_row][vc_row][vc_column width=\u00bb1\/2&#8243;]<div class=\"mj_recent_workit text-center\">\n\t\t<div class=\"mj_workit_innerheader\">\n\t\t\t<h4>\u00bfA quien estamos buscando?<\/h4>\n\t\t<\/div>\n\t\t<div class=\"mj_workit_info\">\n\t\t\t<img src=\"https:\/\/spanishprofessionals.es\/wp-content\/uploads\/2016\/02\/icon_binoculars-170x106.png\" class=\"img-responsive\" alt=\"\">\n\t\t\t<p class=\"mj_toppadder50\">Tenemos vacantes para candidatos con experiencia laboral en construcci\u00f3n como Fontanero, Carpintero, Alba\u00f1il, Electricista o Carpintero de Hormig\u00f3n. Debe hablar un m\u00ednimo de nivel de ingl\u00e9s B1, ser residente europeo y tener un permiso de conducir.<\/p>\n\t\t<\/div>\n\t\t<div class=\"mj_workit_innerfooter\">\n\t\t\t<a href=\"#submit\" target=\"\">\u00a1ENV\u00cdANOS TU CURRICULUM EN INGL\u00c9S Y S\u00c9 SELECCIONADO!<\/a>\n\t\t<\/div>\n    <\/div>[\/vc_column][vc_column width=\u00bb1\/2&#8243;]<div class=\"mj_recent_workit text-center\">\n\t\t<div class=\"mj_workit_innerheader\">\n\t\t\t<h4>C\u00f3mo funciona<\/h4>\n\t\t<\/div>\n\t\t<div class=\"mj_workit_info\">\n\t\t\t<img src=\"https:\/\/spanishprofessionals.es\/wp-content\/uploads\/2016\/02\/icon_resume-170x106.png\" class=\"img-responsive\" alt=\"jobs mechanical industrial electrical engineers\">\n\t\t\t<p class=\"mj_toppadder50\">\u00a1Reg\u00edstrate enviando tu curr\u00edculum en ingl\u00e9s hoy! Si tienes, adjunta tus diplomas o certificados. \u00a1Uno de nuestros reclutadores se pondr\u00e1 en contacto contigo! No lo dudes \u00a1El tiempo es limitado y las candidaturas se llenar\u00e1n r\u00e1pido!<\/p>\n\t\t<\/div>\n\t\t<div class=\"mj_workit_innerfooter\">\n\t\t\t<a href=\"#submit\" target=\"\">\u00a1ENV\u00cdANOS TU CURRICULUM EN INGL\u00c9S Y S\u00c9 SELECCIONADO!<\/a>\n\t\t<\/div>\n    <\/div>[\/vc_column][\/vc_row][vc_row][vc_column]<div class=\"mj_recent_workit\">\n\t<div class=\"mj_workit_innerheader\">\n\t\t<h4>Programa de reubicaci\u00f3n internacional<\/h4>\n\t<\/div>\n\t<div class=\"mj_workit_info\">\n\t\t<div class=\"row\">\n\t\t\t<div class=\"col-lg-3 col-md-3 col-sm-12 col-xs-12 text-center\">\n\t\t\t\t<img src=\"https:\/\/spanishprofessionals.es\/wp-content\/uploads\/2016\/02\/icon_suitcase-170x213.png\" class=\"img-responsive\" alt=\"jobs mechanical industrial electrical engineers\">\n\t\t\t<\/div>\n\t\t\t<div class=\"col-lg-9 col-md-9 col-sm-12 col-xs-12\">\n\t\t\t\t<p class=\"mj_toppadder40\">Este programa es ofrecido por los empleadores y garantiza que los electricistas sean totalmente compatibles con el traslado y la integraci\u00f3n en los Pa\u00edses Bajos o B\u00e9lgica. Se le ofrece alojamiento gratuito, seg\u00fan las normas de la legislaci\u00f3n holandesa. Se les ayudar\u00e1 con lo importantes, como la  solicitud del n\u00famero BSN (NIE), la solicitud de seguro de salud y obtener su VCA (certificado Seguridad B\u00e1sica) si es necesario. <\/p>\n\t\t\t<\/div>\n\t\t<\/div>\n\t<\/div>\n\t<div class=\"mj_workit_innerfooter text-center\">\n\t\t<a href=\"#submit\" target=\"\">\u00a1ENV\u00cdANOS TU CURRICULUM EN INGL\u00c9S Y S\u00c9 SELECCIONADO!<\/a>\n\t<\/div>\n    <\/div>[\/vc_column][\/vc_row][vc_row][vc_column css=\u00bb.vc_custom_1523951741835{padding-right: 0px !important;padding-left: 0px !important;}\u00bb el_class=\u00bbrecruitment-days\u00bb]<div role=\"form\" class=\"wpcf7\" id=\"wpcf7-f18394-o1\" lang=\"en-US\" dir=\"ltr\">\n<div class=\"screen-reader-response\"><p role=\"status\" aria-live=\"polite\" aria-atomic=\"true\"><\/p> <ul><\/ul><\/div>\n<form action=\"\/es\/wp-json\/wp\/v2\/pages\/19070#wpcf7-f18394-o1\" method=\"post\" class=\"wpcf7-form init\" enctype=\"multipart\/form-data\" novalidate=\"novalidate\" data-status=\"init\">\n<div style=\"display: none;\">\n<input type=\"hidden\" name=\"_wpcf7\" value=\"18394\" \/>\n<input type=\"hidden\" name=\"_wpcf7_version\" value=\"5.4.2\" \/>\n<input type=\"hidden\" name=\"_wpcf7_locale\" value=\"en_US\" \/>\n<input type=\"hidden\" name=\"_wpcf7_unit_tag\" value=\"wpcf7-f18394-o1\" \/>\n<input type=\"hidden\" name=\"_wpcf7_container_post\" value=\"0\" \/>\n<input type=\"hidden\" name=\"_wpcf7_posted_data_hash\" value=\"\" \/>\n<input type=\"hidden\" name=\"_wpcf7_recaptcha_response\" value=\"\" \/>\n<\/div>\n<div class=\"vc_row wpb_row vc_row-fluid\" id=\"submit\">\n<div class=\"wpb_column vc_column_container vc_col-sm-12\">\n<div class=\"vc_column-inner \">\n<div class=\"wpb_wrapper\">\n<div class=\"mj_recent_workit\">\n<div class=\"mj_workit_innerheader\">\n<h4>Env\u00eda tu curr\u00edculum ahora<\/h4>\n<\/div>\n<div class=\"mj_workit_info\">\n<div class=\"row\">\n<div class=\"row\">\n<div class=\"col-md-6\">\n<div class=\"form-group\"><span class=\"wpcf7-form-control-wrap FullName\"><input type=\"text\" name=\"FullName\" value=\"\" size=\"40\" class=\"wpcf7-form-control wpcf7-text wpcf7-validates-as-required\" aria-required=\"true\" aria-invalid=\"false\" placeholder=\"Nombre*\" \/><\/span><\/div>\n<div class=\"form-group\"><span class=\"wpcf7-form-control-wrap Email\"><input type=\"email\" name=\"Email\" value=\"\" size=\"40\" class=\"wpcf7-form-control wpcf7-text wpcf7-email wpcf7-validates-as-required wpcf7-validates-as-email\" aria-required=\"true\" aria-invalid=\"false\" placeholder=\"Correo electr\u00f3nico*\" \/><\/span><\/div>\n<div class=\"form-group\"><span class=\"wpcf7-form-control-wrap status\"><select name=\"status\" class=\"wpcf7-form-control wpcf7-select wpcf7-validates-as-required legalstatus\" aria-required=\"true\" aria-invalid=\"false\"><option value=\"Estatus legal\">Estatus legal<\/option><option value=\"Ciudadano de la UE\/EEE o Suiza\">Ciudadano de la UE\/EEE o Suiza<\/option><option value=\"No ciudadano de la UE con permiso de trabajo v\u00e1lido\">No ciudadano de la UE con permiso de trabajo v\u00e1lido<\/option><option value=\"No ciudadano de la UE sin permiso de trabajo\">No ciudadano de la UE sin permiso de trabajo<\/option><\/select><\/span><\/div>\n<div class=\"form-group\"><span class=\"wpcf7-form-control-wrap Phone\"><input type=\"tel\" name=\"Phone\" value=\"\" size=\"40\" class=\"wpcf7-form-control wpcf7-text wpcf7-tel wpcf7-validates-as-required wpcf7-validates-as-tel\" aria-required=\"true\" aria-invalid=\"false\" placeholder=\"Tel\u00e9fono*\" \/><\/span><\/div>\n<\/div>\n<div class=\"col-md-6\">\n<span id=\"wpcf7-69dfedd6821d1-wrapper\" class=\"wpcf7-form-control-wrap website-wrap\" style=\"display:none !important; visibility:hidden !important;\"><label for=\"wpcf7-69dfedd6821d1-field\" class=\"hp-message\">Por favor, deja este campo vac\u00edo.<\/label><input id=\"wpcf7-69dfedd6821d1-field\"  class=\"wpcf7-form-control wpcf7-text\" type=\"text\" name=\"website\" value=\"\" size=\"40\" tabindex=\"-1\" autocomplete=\"new-password\" \/><\/span><br \/>\n\t\t\t\t\t<label for=\"Resume\">Sube tu curr\u00edculum<span class=\"conditions\">(doc, docx, odt or pdf - max 5MB)<\/span><\/label><span class=\"wpcf7-form-control-wrap Resume\"><input type=\"file\" name=\"Resume\" size=\"40\" class=\"wpcf7-form-control wpcf7-file wpcf7-validates-as-required\" accept=\".doc,.docx,.odt,.pdf\" aria-required=\"true\" aria-invalid=\"false\" \/><\/span><\/p>\n<span class=\"wpcf7-form-control-wrap recaptcha\"><span data-sitekey=\"6LdkWC0UAAAAAJe7ciWwQiTIEXOa1xY_Gfv7qpTH\" class=\"wpcf7-form-control g-recaptcha wpcf7-recaptcha\"><\/span>\r\n<noscript>\r\n\t<div class=\"grecaptcha-noscript\">\r\n\t\t<iframe src=\"https:\/\/www.google.com\/recaptcha\/api\/fallback?k=6LdkWC0UAAAAAJe7ciWwQiTIEXOa1xY_Gfv7qpTH\" frameborder=\"0\" scrolling=\"no\" width=\"310\" height=\"430\">\r\n\t\t<\/iframe>\r\n\t\t<textarea name=\"g-recaptcha-response\" rows=\"3\" cols=\"40\" placeholder=\"Aqu\u00ed la respuesta de reCAPTCHA\">\r\n\t\t<\/textarea>\r\n\t<\/div>\r\n<\/noscript>\r\n<\/span>\n<\/div>\n<\/div>\n<\/div>\n<\/div>\n<div class=\"mj_workit_innerfooter text-center\" id=\"submit_form\">\n\t\t<span class=\"Submit\">Enviar ahora<\/span>\n\t<\/div>\n<\/div>\n<\/div>\n<\/div>\n<\/div>\n<\/div>\n<p><script>var wpcf7Elm=document.querySelector('.wpcf7');jQuery(\"#submit_form, #submit_form a\").click(function(e){e.preventDefault();if(!jQuery(this).hasClass('disabled')){jQuery(this).toggleClass('disabled',true);jQuery('form.wpcf7-form').submit();}});wpcf7Elm.addEventListener('wpcf7submit',function(event){jQuery('#submit_form').toggleClass('disabled',false);console.log('submit');},false);<\/script><\/p>\n<div class=\"wpcf7-response-output\" aria-hidden=\"true\"><\/div><\/form><\/div>[\/vc_column][\/vc_row]<\/p>\n","protected":false},"excerpt":{"rendered":"<p>[vc_row full_width=\u00bbstretch_row_content_no_spaces\u00bb][vc_column][\/vc_column][\/vc_row][vc_row][vc_column][\/vc_column][\/vc_row][vc_row][vc_column width=\u00bb1\/2&#8243;][\/vc_column][vc_column width=\u00bb1\/2&#8243;][\/vc_column][\/vc_row][vc_row][vc_column][\/vc_column][\/vc_row][vc_row][vc_column css=\u00bb.vc_custom_1523951741835{padding-right: 0px !important;padding-left: 0px !important;}\u00bb el_class=\u00bbrecruitment-days\u00bb][\/vc_column][\/vc_row]<\/p>\n","protected":false},"author":1,"featured_media":19072,"parent":0,"menu_order":0,"comment_status":"closed","ping_status":"closed","template":"","meta":[],"yoast_head":"<!-- This site is optimized with the Yoast SEO plugin v17.1 - https:\/\/yoast.com\/wordpress\/plugins\/seo\/ -->\n<title>D\u00edas de reclutamiento de construcci\u00f3n 17 de marzo de 2026<\/title>\n<meta name=\"description\" content=\"Realizaremos entrevistas para trabajos de construcci\u00f3n con un salario muy competitivo en proyectos a largo plazo en los Pa\u00edses Bajos.\" \/>\n<meta name=\"robots\" content=\"index, follow, max-snippet:-1, max-image-preview:large, max-video-preview:-1\" \/>\n<link rel=\"canonical\" href=\"https:\/\/spanishprofessionals.es\/es\/construccion-dias-de-reclutamiento\/\" \/>\n<meta property=\"og:locale\" content=\"es_ES\" \/>\n<meta property=\"og:type\" content=\"article\" \/>\n<meta property=\"og:title\" content=\"D\u00edas de reclutamiento de construcci\u00f3n 17 de marzo de 2026\" \/>\n<meta property=\"og:description\" content=\"Realizaremos entrevistas para trabajos de construcci\u00f3n con un salario muy competitivo en proyectos a largo plazo en los Pa\u00edses Bajos.\" \/>\n<meta property=\"og:url\" content=\"https:\/\/spanishprofessionals.es\/es\/construccion-dias-de-reclutamiento\/\" \/>\n<meta property=\"og:site_name\" content=\"Spanish Professionals\" \/>\n<meta property=\"article:modified_time\" content=\"2026-02-04T11:07:10+00:00\" \/>\n<meta property=\"og:image\" content=\"https:\/\/spanishprofessionals.es\/wp-content\/uploads\/2016\/02\/SP_Facebook_Ad_Albaniles.jpg\" \/>\n\t<meta property=\"og:image:width\" content=\"1200\" \/>\n\t<meta property=\"og:image:height\" content=\"628\" \/>\n<meta name=\"twitter:card\" content=\"summary\" \/>\n<meta name=\"twitter:label1\" content=\"Tiempo de lectura\" \/>\n\t<meta name=\"twitter:data1\" content=\"2 minutos\" \/>\n<script type=\"application\/ld+json\" class=\"yoast-schema-graph\">{\"@context\":\"https:\/\/schema.org\",\"@graph\":[{\"@type\":\"WebSite\",\"@id\":\"https:\/\/spanishprofessionals.es\/#website\",\"url\":\"https:\/\/spanishprofessionals.es\/\",\"name\":\"Spanish Professionals\",\"description\":\"\",\"potentialAction\":[{\"@type\":\"SearchAction\",\"target\":{\"@type\":\"EntryPoint\",\"urlTemplate\":\"https:\/\/spanishprofessionals.es\/?s={search_term_string}\"},\"query-input\":\"required name=search_term_string\"}],\"inLanguage\":\"es\"},{\"@type\":\"ImageObject\",\"@id\":\"https:\/\/spanishprofessionals.es\/es\/construccion-dias-de-reclutamiento\/#primaryimage\",\"inLanguage\":\"es\",\"url\":\"https:\/\/spanishprofessionals.es\/wp-content\/uploads\/2016\/02\/SP_Facebook_Ad_Albaniles.jpg\",\"contentUrl\":\"https:\/\/spanishprofessionals.es\/wp-content\/uploads\/2016\/02\/SP_Facebook_Ad_Albaniles.jpg\",\"width\":\"1200\",\"height\":\"628\"},{\"@type\":\"WebPage\",\"@id\":\"https:\/\/spanishprofessionals.es\/es\/construccion-dias-de-reclutamiento\/#webpage\",\"url\":\"https:\/\/spanishprofessionals.es\/es\/construccion-dias-de-reclutamiento\/\",\"name\":\"D\\u00edas de reclutamiento de construcci\\u00f3n 17 de marzo de 2026\",\"isPartOf\":{\"@id\":\"https:\/\/spanishprofessionals.es\/#website\"},\"primaryImageOfPage\":{\"@id\":\"https:\/\/spanishprofessionals.es\/es\/construccion-dias-de-reclutamiento\/#primaryimage\"},\"datePublished\":\"2016-02-20T08:07:54+00:00\",\"dateModified\":\"2026-02-04T11:07:10+00:00\",\"description\":\"Realizaremos entrevistas para trabajos de construcci\\u00f3n con un salario muy competitivo en proyectos a largo plazo en los Pa\\u00edses Bajos.\",\"breadcrumb\":{\"@id\":\"https:\/\/spanishprofessionals.es\/es\/construccion-dias-de-reclutamiento\/#breadcrumb\"},\"inLanguage\":\"es\",\"potentialAction\":[{\"@type\":\"ReadAction\",\"target\":[\"https:\/\/spanishprofessionals.es\/es\/construccion-dias-de-reclutamiento\/\"]}]},{\"@type\":\"BreadcrumbList\",\"@id\":\"https:\/\/spanishprofessionals.es\/es\/construccion-dias-de-reclutamiento\/#breadcrumb\",\"itemListElement\":[{\"@type\":\"ListItem\",\"position\":1,\"name\":\"Home\",\"item\":\"https:\/\/spanishprofessionals.es\/es\/\"},{\"@type\":\"ListItem\",\"position\":2,\"name\":\"Construcci\\u00f3n d\\u00edas de reclutamiento\"}]}]}<\/script>\n<!-- \/ Yoast SEO plugin. -->","yoast_head_json":{"title":"D\u00edas de reclutamiento de construcci\u00f3n 17 de marzo de 2026","description":"Realizaremos entrevistas para trabajos de construcci\u00f3n con un salario muy competitivo en proyectos a largo plazo en los Pa\u00edses Bajos.","robots":{"index":"index","follow":"follow","max-snippet":"max-snippet:-1","max-image-preview":"max-image-preview:large","max-video-preview":"max-video-preview:-1"},"canonical":"https:\/\/spanishprofessionals.es\/es\/construccion-dias-de-reclutamiento\/","og_locale":"es_ES","og_type":"article","og_title":"D\u00edas de reclutamiento de construcci\u00f3n 17 de marzo de 2026","og_description":"Realizaremos entrevistas para trabajos de construcci\u00f3n con un salario muy competitivo en proyectos a largo plazo en los Pa\u00edses Bajos.","og_url":"https:\/\/spanishprofessionals.es\/es\/construccion-dias-de-reclutamiento\/","og_site_name":"Spanish Professionals","article_modified_time":"2026-02-04T11:07:10+00:00","og_image":[{"width":"1200","height":"628","url":"https:\/\/spanishprofessionals.es\/wp-content\/uploads\/2016\/02\/SP_Facebook_Ad_Albaniles.jpg","path":"\/var\/www\/vhosts\/spanishprofessionals.es\/httpdocs\/wp-content\/uploads\/2016\/02\/SP_Facebook_Ad_Albaniles.jpg","size":"full","id":19072,"alt":"","pixels":753600,"type":"image\/jpeg"}],"twitter_card":"summary","twitter_misc":{"Tiempo de lectura":"2 minutos"},"schema":{"@context":"https:\/\/schema.org","@graph":[{"@type":"WebSite","@id":"https:\/\/spanishprofessionals.es\/#website","url":"https:\/\/spanishprofessionals.es\/","name":"Spanish Professionals","description":"","potentialAction":[{"@type":"SearchAction","target":{"@type":"EntryPoint","urlTemplate":"https:\/\/spanishprofessionals.es\/?s={search_term_string}"},"query-input":"required name=search_term_string"}],"inLanguage":"es"},{"@type":"ImageObject","@id":"https:\/\/spanishprofessionals.es\/es\/construccion-dias-de-reclutamiento\/#primaryimage","inLanguage":"es","url":"https:\/\/spanishprofessionals.es\/wp-content\/uploads\/2016\/02\/SP_Facebook_Ad_Albaniles.jpg","contentUrl":"https:\/\/spanishprofessionals.es\/wp-content\/uploads\/2016\/02\/SP_Facebook_Ad_Albaniles.jpg","width":"1200","height":"628"},{"@type":"WebPage","@id":"https:\/\/spanishprofessionals.es\/es\/construccion-dias-de-reclutamiento\/#webpage","url":"https:\/\/spanishprofessionals.es\/es\/construccion-dias-de-reclutamiento\/","name":"D\u00edas de reclutamiento de construcci\u00f3n 17 de marzo de 2026","isPartOf":{"@id":"https:\/\/spanishprofessionals.es\/#website"},"primaryImageOfPage":{"@id":"https:\/\/spanishprofessionals.es\/es\/construccion-dias-de-reclutamiento\/#primaryimage"},"datePublished":"2016-02-20T08:07:54+00:00","dateModified":"2026-02-04T11:07:10+00:00","description":"Realizaremos entrevistas para trabajos de construcci\u00f3n con un salario muy competitivo en proyectos a largo plazo en los Pa\u00edses Bajos.","breadcrumb":{"@id":"https:\/\/spanishprofessionals.es\/es\/construccion-dias-de-reclutamiento\/#breadcrumb"},"inLanguage":"es","potentialAction":[{"@type":"ReadAction","target":["https:\/\/spanishprofessionals.es\/es\/construccion-dias-de-reclutamiento\/"]}]},{"@type":"BreadcrumbList","@id":"https:\/\/spanishprofessionals.es\/es\/construccion-dias-de-reclutamiento\/#breadcrumb","itemListElement":[{"@type":"ListItem","position":1,"name":"Home","item":"https:\/\/spanishprofessionals.es\/es\/"},{"@type":"ListItem","position":2,"name":"Construcci\u00f3n d\u00edas de reclutamiento"}]}]}},"_links":{"self":[{"href":"https:\/\/spanishprofessionals.es\/es\/wp-json\/wp\/v2\/pages\/19070"}],"collection":[{"href":"https:\/\/spanishprofessionals.es\/es\/wp-json\/wp\/v2\/pages"}],"about":[{"href":"https:\/\/spanishprofessionals.es\/es\/wp-json\/wp\/v2\/types\/page"}],"author":[{"embeddable":true,"href":"https:\/\/spanishprofessionals.es\/es\/wp-json\/wp\/v2\/users\/1"}],"replies":[{"embeddable":true,"href":"https:\/\/spanishprofessionals.es\/es\/wp-json\/wp\/v2\/comments?post=19070"}],"version-history":[{"count":5,"href":"https:\/\/spanishprofessionals.es\/es\/wp-json\/wp\/v2\/pages\/19070\/revisions"}],"predecessor-version":[{"id":20159,"href":"https:\/\/spanishprofessionals.es\/es\/wp-json\/wp\/v2\/pages\/19070\/revisions\/20159"}],"wp:featuredmedia":[{"embeddable":true,"href":"https:\/\/spanishprofessionals.es\/es\/wp-json\/wp\/v2\/media\/19072"}],"wp:attachment":[{"href":"https:\/\/spanishprofessionals.es\/es\/wp-json\/wp\/v2\/media?parent=19070"}],"curies":[{"name":"wp","href":"https:\/\/api.w.org\/{rel}","templated":true}]}}