{"id":17259,"date":"2019-08-30T08:07:38","date_gmt":"2019-08-30T08:07:38","guid":{"rendered":"https:\/\/spanishprofessionals.es\/aviso-legal\/"},"modified":"2019-08-30T09:23:02","modified_gmt":"2019-08-30T09:23:02","slug":"aviso-legal","status":"publish","type":"page","link":"https:\/\/spanishprofessionals.es\/es\/aviso-legal\/","title":{"rendered":"AVISO LEGAL"},"content":{"rendered":"<p>[vc_row][vc_column][vc_column_text]<\/p>\n<h1>AVISO LEGAL<\/h1>\n<p>Por favor, lea todos los apartados del presente Aviso Legal antes de utilizar este sitio web. Las siguientes condiciones son vinculantes para cualquier usuario del mismo.<\/p>\n<p>En cumplimiento con el deber de informaci\u00f3n dispuesto en la Ley 34\/2002 de Servicios de la Sociedad de la Informaci\u00f3n y el Comercio Electr\u00f3nico (LSSI-CE) de 11 de julio, se facilitan a continuaci\u00f3n los siguientes datos de informaci\u00f3n general de este sitio web.<\/p>\n<p>La raz\u00f3n de este texto es explicarle de manera detallada las funcionalidades de esta web y aportarle aquella informaci\u00f3n relacionada con el titular de la web y la finalidad de los contenidos incluidos en ella.[\/vc_column_text][\/vc_column][\/vc_row][vc_row][vc_column][vc_column_text]<\/p>\n<h2>DATOS IDENTIFICACI\u00d3N<\/h2>\n<p>El presente Aviso Legal regula el uso del servicio del sitio web spanishprofessionals.es inform\u00e1ndole en cumplimiento de la Ley 34\/2002, de 11 de julio, de Servicios de la Sociedad de la Informaci\u00f3n y de Comercio Electr\u00f3nico, de los siguientes extremos:<br \/>\nTitular: BOTTLE POST MEDIA S.L.U.<br \/>\nCIF: B54938055<br \/>\nDomicilio: CARRER DE GUADALEST 21 &#8211; LOCAL 23, La Nucia (Alicante)<br \/>\nTel\u00e9fono: +34 966 89 55 99<br \/>\nCorreo Electr\u00f3nico: info@spanishprofessionals.es<br \/>\nDatos de inscripci\u00f3n en el Registro Mercantil:<br \/>\nBOTTLE POST MEDIA S.L.U. pretende a trav\u00e9s de su sitio web dar a conocer su actividad y ofrecer la posibilidad de ponerse en contacto, realizar consultas, suscribirse a nuestra revista, as\u00ed como informarnos sobre sus reclamaciones y quejas.<\/p>\n<p>El presente documento tiene por objeto establecer los t\u00e9rminos y condiciones generales de uso del sitio web. Los t\u00e9rminos y condiciones generales son de obligada aceptaci\u00f3n y cumplimiento por parte de todos los usuarios que deseen hacer uso del mismo.[\/vc_column_text][\/vc_column][\/vc_row][vc_row][vc_column][vc_column_text]<\/p>\n<h2>USO DEL SITIO WEB Y OBLIGACIONES DE LOS USUARIOS<\/h2>\n<p>El usuario se compromete a utilizar el sitio web, el contenido y servicios, sin contravenir la legislaci\u00f3n vigente, los usos generalmente aceptados y el orden p\u00fablico. Queda prohibido el uso del sitio web con fines il\u00edcitos o lesivos contra BOTTLE POST MEDIA S.L.U. o un tercero, que, de cualquier forma, puedan causar perjuicio o impedir el normal uso del sitio web.<\/p>\n<p>BOTTLE POST MEDIA S.L.U. garantiza que los contenidos y servicios que ofrece el portal respetan el principio de dignidad de la persona, de protecci\u00f3n de la juventud y la infancia, de no-discriminaci\u00f3n pormotivos de raza, sexo, religi\u00f3n, opini\u00f3n, nacionalidad, discapacidad o cualquier otro aspecto personal y social.<\/p>\n<p>Las presentes Condiciones Generales de Uso del sitio web no confieren al usuario ning\u00fan otro derecho de uso, alteraci\u00f3n, explotaci\u00f3n, reproducci\u00f3n, distribuci\u00f3n o comunicaci\u00f3n p\u00fablica de los contenidos del sitio web distintos de los aqu\u00ed expresamente previstos.<\/p>\n<p>Los contenidos (informaci\u00f3n, archivos de sonido y\/o imagen, fotograf\u00edas, dise\u00f1os, etc.) recogidos en el portal, son propiedad de BOTTLE POST MEDIA S.L.U. o la misma se encuentra debidamente autorizada para su difusi\u00f3n por sus leg\u00edtimos titulares.<\/p>\n<p>BOTTLE POST MEDIA S.L.U. se compromete a no realizar publicidad enga\u00f1osay por tanto, queda prohibido:<\/p>\n<ul>\n<li>El uso para todo tipo de fines comerciales o publicitarios, distintos de los estrictamente permitidos.<\/li>\n<li>Su reproducci\u00f3n, publicaci\u00f3n, distribuci\u00f3n o modificaci\u00f3n, total o parcial a menos que se cuente con la autorizaci\u00f3n previa y por escrito de sus leg\u00edtimos titulares o resulte legalmente permitido.<\/li>\n<li>Cualquier vulneraci\u00f3n de los derechos de SEGURO STORAGE SL o de sus leg\u00edtimos titulares sobre los mismos.<\/li>\n<\/ul>\n<p>[\/vc_column_text][\/vc_column][\/vc_row][vc_row][vc_column][vc_column_text]<\/p>\n<h2>ENLACES<\/h2>\n<p>El presente sitio web proporciona enlaces a otros sitios web propios y contenidos que son propiedad de terceros.<\/p>\n<p>El \u00fanico objeto de los enlaces es proporcionar al usuario la posibilidad de acceder a dichos enlaces. BOTTLE POST MEDIA S.L.U. no se responsabiliza en ning\u00fan caso de los resultados que puedan derivarse al usuario por el acceso a dichos enlaces.<\/p>\n<p>El usuario que se proponga establecer cualquier dispositivo t\u00e9cnico de enlace desde su sitio web al portal deber\u00e1 obtener la autorizaci\u00f3n previa y escrita de BOTTLE POST MEDIA S.L.U. El establecimiento del enlace no implica en ning\u00fan caso la existencia de relaciones entre BOTTLE POST MEDIA S.L.U. y el propietario del sitio en el que se establezca el enlace, ni la aceptaci\u00f3n o aprobaci\u00f3n por parte de BOTTLE POST MEDIA S.L.U. de sus contenidos o servicios.<\/p>\n<p>El sitio web en el que se establezca el enlace no contendr\u00e1 ninguna marca, denominaci\u00f3n, logotipo, eslogan u otros signos distintivos pertenecientes a BOTTLE POST MEDIA S.L.U., salvo los expresamente autorizados.[\/vc_column_text][\/vc_column][\/vc_row][vc_row][vc_column][vc_column_text]<\/p>\n<h2>MODIFICACI\u00d3N UNILATERAL Y DURACI\u00d3N<\/h2>\n<p>BOTTLE POST MEDIA S.L.U. se reserva el derecho de modificar, en cualquier momento y sin necesidad de previo aviso, la presentaci\u00f3n y configuraci\u00f3n del sitioweb as\u00ed como el presente Aviso Legal.[\/vc_column_text][\/vc_column][\/vc_row][vc_row][vc_column][vc_column_text]<\/p>\n<h2>EXCLUSI\u00d3N DE GARANT\u00cdAS Y RESPONSABILIDAD<\/h2>\n<p>BOTTLE POST MEDIA S.L.U. no otorga ninguna garant\u00eda ni se hace responsable, en ning\u00fan caso, de los da\u00f1os y perjuicios de cualquier naturaleza que pudieran acarrear a causa de:<\/p>\n<ul>\n<li>La falta disponibilidad, mantenimiento y efectivo funcionamiento del Web y\/o de sus servicios o contenidos.<\/li>\n<li>La existencia de virus, programas maliciosos o lesivos en los contenidos.<\/li>\n<li>El uso il\u00edcito, negligente, fraudulento, contrario a las presentes condiciones, a<br \/>\nla buena fe, a los usos generalmente aceptados o al orden p\u00fablico, del sitio Web, sus servicios o contenidos, por parte de los usuarios.<\/li>\n<\/ul>\n<p>[\/vc_column_text][\/vc_column][\/vc_row][vc_row][vc_column][vc_column_text]<\/p>\n<h2>TRATAMIENTO DE DATOS PERSONALES<\/h2>\n<p>BOTTLE POST MEDIA S.L.U. tal y como recoge en su \u201cPOL\u00cdTICA DE PRIVACIDAD\u201d que puede consultar en este sitio web, ha adoptado los niveles de seguridad adecuados a los datos que trata y gestiona, incorporando todos los medios y medidas t\u00e9cnicas a su alcance para garantizar su confidencialidad, evitar su mal uso, p\u00e9rdida, alteraci\u00f3n, acceso no autorizado y robo.[\/vc_column_text][\/vc_column][\/vc_row][vc_row][vc_column][vc_column_text]<\/p>\n<h2>LEGISLACI\u00d3N APLICABLE Y JURISDICCI\u00d3N<\/h2>\n<p>Las presentes Condiciones se regir\u00e1n por la legislaci\u00f3n espa\u00f1ola, sometidas a los juzgados y tribunales de la ciudad de ALICANTE (Espa\u00f1a) ante cualquier controversia derivada del acceso al sitio web.[\/vc_column_text][\/vc_column][\/vc_row][vc_row][vc_column][vc_column_text]<\/p>\n<h2>CONTACTO<\/h2>\n<p>En caso de que cualquier usuario tuviese alguna duda acerca del presente aviso legal o cualquier comentario sobre el mismo puede dirigirse a info@spanishprofessionals.es o enviar una comunicaci\u00f3n escrita a la direcci\u00f3n que consta en el encabezado.[\/vc_column_text][\/vc_column][\/vc_row]<\/p>\n","protected":false},"excerpt":{"rendered":"<p>[vc_row][vc_column][vc_column_text] AVISO LEGAL Por favor, lea todos los apartados del presente Aviso Legal antes de utilizar este sitio web. Las siguientes condiciones son vinculantes para cualquier usuario del mismo. En cumplimiento con el deber de informaci\u00f3n dispuesto en la Ley 34\/2002 de Servicios de la Sociedad de la Informaci\u00f3n y el Comercio Electr\u00f3nico (LSSI-CE) de [&hellip;]<\/p>\n","protected":false},"author":2,"featured_media":0,"parent":0,"menu_order":0,"comment_status":"closed","ping_status":"closed","template":"","meta":[],"yoast_head":"<!-- This site is optimized with the Yoast SEO plugin v17.1 - https:\/\/yoast.com\/wordpress\/plugins\/seo\/ -->\n<title>AVISO LEGAL - Spanish Professionals<\/title>\n<meta name=\"robots\" content=\"index, follow, max-snippet:-1, max-image-preview:large, max-video-preview:-1\" \/>\n<link rel=\"canonical\" href=\"https:\/\/spanishprofessionals.es\/es\/aviso-legal\/\" \/>\n<meta property=\"og:locale\" content=\"es_ES\" \/>\n<meta property=\"og:type\" content=\"article\" \/>\n<meta property=\"og:title\" content=\"AVISO LEGAL - Spanish Professionals\" \/>\n<meta property=\"og:description\" content=\"[vc_row][vc_column][vc_column_text] AVISO LEGAL Por favor, lea todos los apartados del presente Aviso Legal antes de utilizar este sitio web. Las siguientes condiciones son vinculantes para cualquier usuario del mismo. En cumplimiento con el deber de informaci\u00f3n dispuesto en la Ley 34\/2002 de Servicios de la Sociedad de la Informaci\u00f3n y el Comercio Electr\u00f3nico (LSSI-CE) de [&hellip;]\" \/>\n<meta property=\"og:url\" content=\"https:\/\/spanishprofessionals.es\/es\/aviso-legal\/\" \/>\n<meta property=\"og:site_name\" content=\"Spanish Professionals\" \/>\n<meta property=\"article:modified_time\" content=\"2019-08-30T09:23:02+00:00\" \/>\n<meta name=\"twitter:card\" content=\"summary\" \/>\n<meta name=\"twitter:label1\" content=\"Tiempo de lectura\" \/>\n\t<meta name=\"twitter:data1\" content=\"6 minutos\" \/>\n<script type=\"application\/ld+json\" class=\"yoast-schema-graph\">{\"@context\":\"https:\/\/schema.org\",\"@graph\":[{\"@type\":\"WebSite\",\"@id\":\"https:\/\/spanishprofessionals.es\/#website\",\"url\":\"https:\/\/spanishprofessionals.es\/\",\"name\":\"Spanish Professionals\",\"description\":\"\",\"potentialAction\":[{\"@type\":\"SearchAction\",\"target\":{\"@type\":\"EntryPoint\",\"urlTemplate\":\"https:\/\/spanishprofessionals.es\/?s={search_term_string}\"},\"query-input\":\"required name=search_term_string\"}],\"inLanguage\":\"es\"},{\"@type\":\"WebPage\",\"@id\":\"https:\/\/spanishprofessionals.es\/es\/aviso-legal\/#webpage\",\"url\":\"https:\/\/spanishprofessionals.es\/es\/aviso-legal\/\",\"name\":\"AVISO LEGAL - Spanish Professionals\",\"isPartOf\":{\"@id\":\"https:\/\/spanishprofessionals.es\/#website\"},\"datePublished\":\"2019-08-30T08:07:38+00:00\",\"dateModified\":\"2019-08-30T09:23:02+00:00\",\"breadcrumb\":{\"@id\":\"https:\/\/spanishprofessionals.es\/es\/aviso-legal\/#breadcrumb\"},\"inLanguage\":\"es\",\"potentialAction\":[{\"@type\":\"ReadAction\",\"target\":[\"https:\/\/spanishprofessionals.es\/es\/aviso-legal\/\"]}]},{\"@type\":\"BreadcrumbList\",\"@id\":\"https:\/\/spanishprofessionals.es\/es\/aviso-legal\/#breadcrumb\",\"itemListElement\":[{\"@type\":\"ListItem\",\"position\":1,\"name\":\"Home\",\"item\":\"https:\/\/spanishprofessionals.es\/es\/\"},{\"@type\":\"ListItem\",\"position\":2,\"name\":\"AVISO LEGAL\"}]}]}<\/script>\n<!-- \/ Yoast SEO plugin. -->","yoast_head_json":{"title":"AVISO LEGAL - Spanish Professionals","robots":{"index":"index","follow":"follow","max-snippet":"max-snippet:-1","max-image-preview":"max-image-preview:large","max-video-preview":"max-video-preview:-1"},"canonical":"https:\/\/spanishprofessionals.es\/es\/aviso-legal\/","og_locale":"es_ES","og_type":"article","og_title":"AVISO LEGAL - Spanish Professionals","og_description":"[vc_row][vc_column][vc_column_text] AVISO LEGAL Por favor, lea todos los apartados del presente Aviso Legal antes de utilizar este sitio web. Las siguientes condiciones son vinculantes para cualquier usuario del mismo. En cumplimiento con el deber de informaci\u00f3n dispuesto en la Ley 34\/2002 de Servicios de la Sociedad de la Informaci\u00f3n y el Comercio Electr\u00f3nico (LSSI-CE) de [&hellip;]","og_url":"https:\/\/spanishprofessionals.es\/es\/aviso-legal\/","og_site_name":"Spanish Professionals","article_modified_time":"2019-08-30T09:23:02+00:00","twitter_card":"summary","twitter_misc":{"Tiempo de lectura":"6 minutos"},"schema":{"@context":"https:\/\/schema.org","@graph":[{"@type":"WebSite","@id":"https:\/\/spanishprofessionals.es\/#website","url":"https:\/\/spanishprofessionals.es\/","name":"Spanish Professionals","description":"","potentialAction":[{"@type":"SearchAction","target":{"@type":"EntryPoint","urlTemplate":"https:\/\/spanishprofessionals.es\/?s={search_term_string}"},"query-input":"required name=search_term_string"}],"inLanguage":"es"},{"@type":"WebPage","@id":"https:\/\/spanishprofessionals.es\/es\/aviso-legal\/#webpage","url":"https:\/\/spanishprofessionals.es\/es\/aviso-legal\/","name":"AVISO LEGAL - Spanish Professionals","isPartOf":{"@id":"https:\/\/spanishprofessionals.es\/#website"},"datePublished":"2019-08-30T08:07:38+00:00","dateModified":"2019-08-30T09:23:02+00:00","breadcrumb":{"@id":"https:\/\/spanishprofessionals.es\/es\/aviso-legal\/#breadcrumb"},"inLanguage":"es","potentialAction":[{"@type":"ReadAction","target":["https:\/\/spanishprofessionals.es\/es\/aviso-legal\/"]}]},{"@type":"BreadcrumbList","@id":"https:\/\/spanishprofessionals.es\/es\/aviso-legal\/#breadcrumb","itemListElement":[{"@type":"ListItem","position":1,"name":"Home","item":"https:\/\/spanishprofessionals.es\/es\/"},{"@type":"ListItem","position":2,"name":"AVISO LEGAL"}]}]}},"_links":{"self":[{"href":"https:\/\/spanishprofessionals.es\/es\/wp-json\/wp\/v2\/pages\/17259"}],"collection":[{"href":"https:\/\/spanishprofessionals.es\/es\/wp-json\/wp\/v2\/pages"}],"about":[{"href":"https:\/\/spanishprofessionals.es\/es\/wp-json\/wp\/v2\/types\/page"}],"author":[{"embeddable":true,"href":"https:\/\/spanishprofessionals.es\/es\/wp-json\/wp\/v2\/users\/2"}],"replies":[{"embeddable":true,"href":"https:\/\/spanishprofessionals.es\/es\/wp-json\/wp\/v2\/comments?post=17259"}],"version-history":[{"count":1,"href":"https:\/\/spanishprofessionals.es\/es\/wp-json\/wp\/v2\/pages\/17259\/revisions"}],"predecessor-version":[{"id":17260,"href":"https:\/\/spanishprofessionals.es\/es\/wp-json\/wp\/v2\/pages\/17259\/revisions\/17260"}],"wp:attachment":[{"href":"https:\/\/spanishprofessionals.es\/es\/wp-json\/wp\/v2\/media?parent=17259"}],"curies":[{"name":"wp","href":"https:\/\/api.w.org\/{rel}","templated":true}]}}