{"id":16758,"date":"2019-07-03T14:48:38","date_gmt":"2019-07-03T14:48:38","guid":{"rendered":"https:\/\/spanishprofessionals.es\/?page_id=16758"},"modified":"2019-07-18T12:18:29","modified_gmt":"2019-07-18T12:18:29","slug":"empleo-ingenieria-extranjero","status":"publish","type":"page","link":"https:\/\/spanishprofessionals.es\/es\/empleo-ingenieria-extranjero\/","title":{"rendered":"Sobre Nosotros"},"content":{"rendered":"<p>[vc_row full_width=\u00bbstretch_row_content_no_spaces\u00bb][vc_column]<div class=\"mj_pagetitle\">\n        <img src=\"https:\/\/spanishprofessionals.es\/wp-content\/uploads\/2016\/02\/about-header-new-1263x280.jpg\" alt=\"We have international engineering jobs for SCADA, electrical, automation, industrial, mechanical, gas, oil engineers and more. Send in your resume today!\">\n\t\t<div class=\"mj_mainheading_overlay\"><\/div>\n        <div class=\"mj_pagetitle_inner\">\n            <div class=\"container\">\n                <div class=\"row\">\n                    <div class=\"col-lg-12 col-md-12 col-sm-12 col-xs-12\">\n                        <div class=\"mj_mainheading mj_toppadder80 mj_bottompadder80\">\n                            <h1>Sobre Nosotros<\/h1>\n                            <p><\/p>\n                        <\/div>\n                    <\/div>\n                <\/div>\n            <\/div>\n        <\/div>\n    <\/div><div style=\"padding: 50px; float: left; width: 100%;\"><\/div>[\/vc_column][\/vc_row][vc_row][vc_column][vc_column_text]<\/p>\n<blockquote><p><strong>Nuestra pasi\u00f3n y dedicaci\u00f3n para ayudar a los empleadores y solicitantes de empleo a encontrar su candidato o carrera perfecta ha convertido a Spanish Professionals en una de las mejores agencias internacionales de contrataci\u00f3n. Si no hablas holand\u00e9s, pero hablas ingl\u00e9s fluido y est\u00e1s buscando trabajo en los Pa\u00edses Bajos, entonces Spanish Professionals es la agencia de contrataci\u00f3n que debes contactar.<\/strong><\/p><\/blockquote>\n<p>&nbsp;<\/p>\n<p>Con sede en Alicante, Espa\u00f1a, Spanish Professionals ofrece servicios de contrataci\u00f3n internacional en una amplia gama de industrias y disciplinas. Si eres es un empleador o un solicitante de empleo, nuestro equipo sabr\u00e1 entender exactamente lo que necesitas para tener \u00e9xito. Usamos un proceso de reclutamiento especializado, con un proceso de selecci\u00f3n muy exhaustivo para todos los posibles candidatos. Nuestros empleadores y solicitantes de empleo son examinados para asegurar de que tienen la capacidad de comunicarse y las aptitudes necesarias. Conectamos a los profesionales m\u00e1s experimentados, garantizando as\u00ed el \u00e9xito tanto del candidato, como del cliente.<\/p>\n<p>&nbsp;<\/p>\n<p>Los solicitantes de empleo cuentan con nuestro equipo para conectarlos con una compa\u00f1\u00eda que le brindar\u00e1 oportunidades para el avance, y el desarrollo profesional. Escuchamos atentamente sus requisitos de contrataci\u00f3n y buscaremos un empleador que se ajuste a sus necesidades espec\u00edficas. Adjuntar tu curr\u00edculum vitae a nuestro grupo de candidatos o una b\u00fasqueda r\u00e1pida a trav\u00e9s de nuestras listas de empleos en constante crecimiento, puede darte el trabajo internacional que est\u00e1s esperando.<\/p>\n<p>&nbsp;<\/p>\n<p>Los empleadores cuentan con nosotros para unir a los mejores, logrando excelentes resultados. Nuestros clientes buscan un socio con el que puedan colaborar, atraer y conservar a los mejores candidatos. Trabajaremos con tu compa\u00f1\u00eda para comprender tus necesidades de empleo y realizar una b\u00fasqueda basada en tus necesidades y presupuesto. Los beneficios de contratar una agencia de reclutamiento internacional como Spanish Professionals son m\u00faltiples. Nuestro trabajo cumplir\u00e1 o superar\u00e1 sus expectativas, ya que nuestros candidatos son evaluados y entrevistados profesionalmente.<\/p>\n<p>&nbsp;<\/p>\n<blockquote><p><strong>Creemos que cuando tienes a las personas adecuadas, en los roles correctos, en la compa\u00f1\u00eda correcta, las personas y las empresas, superar\u00e1n las expectativas. De ello se deduce que las personas son el elemento clave de nuestro \u00e9xito y nos esforzamos por la satisfacci\u00f3n del cliente y del candidato. Es por eso que somos un referente para candidatos talentosos y clientes comprometidos a reclutar y desarrollar profesionales de primer nivel.<\/strong><\/p><\/blockquote>\n<p>[\/vc_column_text][\/vc_column][\/vc_row][vc_row][vc_column][vc_empty_space height=\u00bb75px\u00bb][\/vc_column][\/vc_row]<\/p>\n","protected":false},"excerpt":{"rendered":"<p>[vc_row full_width=\u00bbstretch_row_content_no_spaces\u00bb][vc_column][\/vc_column][\/vc_row][vc_row][vc_column][vc_column_text] Nuestra pasi\u00f3n y dedicaci\u00f3n para ayudar a los empleadores y solicitantes de empleo a encontrar su candidato o carrera perfecta ha convertido a Spanish Professionals en una de las mejores agencias internacionales de contrataci\u00f3n. Si no hablas holand\u00e9s, pero hablas ingl\u00e9s fluido y est\u00e1s buscando trabajo en los Pa\u00edses Bajos, entonces Spanish Professionals [&hellip;]<\/p>\n","protected":false},"author":2,"featured_media":0,"parent":0,"menu_order":0,"comment_status":"closed","ping_status":"closed","template":"","meta":[],"yoast_head":"<!-- This site is optimized with the Yoast SEO plugin v17.1 - https:\/\/yoast.com\/wordpress\/plugins\/seo\/ -->\n<title>Empleo Ingenier\u00eda Extranjero - Sobre Nosotros Spanish Professionals<\/title>\n<meta name=\"description\" content=\"Tenemos empleoss de ingenier\u00eda en el extranjero para ingenieros. Solicitando los \u00faltimos trabajos de ingenier\u00eda de nuestra red mundial de empresas.\" \/>\n<meta name=\"robots\" content=\"index, follow, max-snippet:-1, max-image-preview:large, max-video-preview:-1\" \/>\n<link rel=\"canonical\" href=\"https:\/\/spanishprofessionals.es\/es\/empleo-ingenieria-extranjero\/\" \/>\n<meta property=\"og:locale\" content=\"es_ES\" \/>\n<meta property=\"og:type\" content=\"article\" \/>\n<meta property=\"og:title\" content=\"Empleo Ingenier\u00eda Extranjero - Sobre Nosotros Spanish Professionals\" \/>\n<meta property=\"og:description\" content=\"Tenemos empleoss de ingenier\u00eda en el extranjero para ingenieros. Solicitando los \u00faltimos trabajos de ingenier\u00eda de nuestra red mundial de empresas.\" \/>\n<meta property=\"og:url\" content=\"https:\/\/spanishprofessionals.es\/es\/empleo-ingenieria-extranjero\/\" \/>\n<meta property=\"og:site_name\" content=\"Spanish Professionals\" \/>\n<meta property=\"article:modified_time\" content=\"2019-07-18T12:18:29+00:00\" \/>\n<meta name=\"twitter:card\" content=\"summary\" \/>\n<meta name=\"twitter:label1\" content=\"Tiempo de lectura\" \/>\n\t<meta name=\"twitter:data1\" content=\"2 minutos\" \/>\n<script type=\"application\/ld+json\" class=\"yoast-schema-graph\">{\"@context\":\"https:\/\/schema.org\",\"@graph\":[{\"@type\":\"WebSite\",\"@id\":\"https:\/\/spanishprofessionals.es\/#website\",\"url\":\"https:\/\/spanishprofessionals.es\/\",\"name\":\"Spanish Professionals\",\"description\":\"\",\"potentialAction\":[{\"@type\":\"SearchAction\",\"target\":{\"@type\":\"EntryPoint\",\"urlTemplate\":\"https:\/\/spanishprofessionals.es\/?s={search_term_string}\"},\"query-input\":\"required name=search_term_string\"}],\"inLanguage\":\"es\"},{\"@type\":\"WebPage\",\"@id\":\"https:\/\/spanishprofessionals.es\/es\/empleo-ingenieria-extranjero\/#webpage\",\"url\":\"https:\/\/spanishprofessionals.es\/es\/empleo-ingenieria-extranjero\/\",\"name\":\"Empleo Ingenier\\u00eda Extranjero - Sobre Nosotros Spanish Professionals\",\"isPartOf\":{\"@id\":\"https:\/\/spanishprofessionals.es\/#website\"},\"datePublished\":\"2019-07-03T14:48:38+00:00\",\"dateModified\":\"2019-07-18T12:18:29+00:00\",\"description\":\"Tenemos empleoss de ingenier\\u00eda en el extranjero para ingenieros. Solicitando los \\u00faltimos trabajos de ingenier\\u00eda de nuestra red mundial de empresas.\",\"breadcrumb\":{\"@id\":\"https:\/\/spanishprofessionals.es\/es\/empleo-ingenieria-extranjero\/#breadcrumb\"},\"inLanguage\":\"es\",\"potentialAction\":[{\"@type\":\"ReadAction\",\"target\":[\"https:\/\/spanishprofessionals.es\/es\/empleo-ingenieria-extranjero\/\"]}]},{\"@type\":\"BreadcrumbList\",\"@id\":\"https:\/\/spanishprofessionals.es\/es\/empleo-ingenieria-extranjero\/#breadcrumb\",\"itemListElement\":[{\"@type\":\"ListItem\",\"position\":1,\"name\":\"Home\",\"item\":\"https:\/\/spanishprofessionals.es\/es\/\"},{\"@type\":\"ListItem\",\"position\":2,\"name\":\"Sobre Nosotros\"}]}]}<\/script>\n<!-- \/ Yoast SEO plugin. -->","yoast_head_json":{"title":"Empleo Ingenier\u00eda Extranjero - Sobre Nosotros Spanish Professionals","description":"Tenemos empleoss de ingenier\u00eda en el extranjero para ingenieros. Solicitando los \u00faltimos trabajos de ingenier\u00eda de nuestra red mundial de empresas.","robots":{"index":"index","follow":"follow","max-snippet":"max-snippet:-1","max-image-preview":"max-image-preview:large","max-video-preview":"max-video-preview:-1"},"canonical":"https:\/\/spanishprofessionals.es\/es\/empleo-ingenieria-extranjero\/","og_locale":"es_ES","og_type":"article","og_title":"Empleo Ingenier\u00eda Extranjero - Sobre Nosotros Spanish Professionals","og_description":"Tenemos empleoss de ingenier\u00eda en el extranjero para ingenieros. Solicitando los \u00faltimos trabajos de ingenier\u00eda de nuestra red mundial de empresas.","og_url":"https:\/\/spanishprofessionals.es\/es\/empleo-ingenieria-extranjero\/","og_site_name":"Spanish Professionals","article_modified_time":"2019-07-18T12:18:29+00:00","twitter_card":"summary","twitter_misc":{"Tiempo de lectura":"2 minutos"},"schema":{"@context":"https:\/\/schema.org","@graph":[{"@type":"WebSite","@id":"https:\/\/spanishprofessionals.es\/#website","url":"https:\/\/spanishprofessionals.es\/","name":"Spanish Professionals","description":"","potentialAction":[{"@type":"SearchAction","target":{"@type":"EntryPoint","urlTemplate":"https:\/\/spanishprofessionals.es\/?s={search_term_string}"},"query-input":"required name=search_term_string"}],"inLanguage":"es"},{"@type":"WebPage","@id":"https:\/\/spanishprofessionals.es\/es\/empleo-ingenieria-extranjero\/#webpage","url":"https:\/\/spanishprofessionals.es\/es\/empleo-ingenieria-extranjero\/","name":"Empleo Ingenier\u00eda Extranjero - Sobre Nosotros Spanish Professionals","isPartOf":{"@id":"https:\/\/spanishprofessionals.es\/#website"},"datePublished":"2019-07-03T14:48:38+00:00","dateModified":"2019-07-18T12:18:29+00:00","description":"Tenemos empleoss de ingenier\u00eda en el extranjero para ingenieros. Solicitando los \u00faltimos trabajos de ingenier\u00eda de nuestra red mundial de empresas.","breadcrumb":{"@id":"https:\/\/spanishprofessionals.es\/es\/empleo-ingenieria-extranjero\/#breadcrumb"},"inLanguage":"es","potentialAction":[{"@type":"ReadAction","target":["https:\/\/spanishprofessionals.es\/es\/empleo-ingenieria-extranjero\/"]}]},{"@type":"BreadcrumbList","@id":"https:\/\/spanishprofessionals.es\/es\/empleo-ingenieria-extranjero\/#breadcrumb","itemListElement":[{"@type":"ListItem","position":1,"name":"Home","item":"https:\/\/spanishprofessionals.es\/es\/"},{"@type":"ListItem","position":2,"name":"Sobre Nosotros"}]}]}},"_links":{"self":[{"href":"https:\/\/spanishprofessionals.es\/es\/wp-json\/wp\/v2\/pages\/16758"}],"collection":[{"href":"https:\/\/spanishprofessionals.es\/es\/wp-json\/wp\/v2\/pages"}],"about":[{"href":"https:\/\/spanishprofessionals.es\/es\/wp-json\/wp\/v2\/types\/page"}],"author":[{"embeddable":true,"href":"https:\/\/spanishprofessionals.es\/es\/wp-json\/wp\/v2\/users\/2"}],"replies":[{"embeddable":true,"href":"https:\/\/spanishprofessionals.es\/es\/wp-json\/wp\/v2\/comments?post=16758"}],"version-history":[{"count":2,"href":"https:\/\/spanishprofessionals.es\/es\/wp-json\/wp\/v2\/pages\/16758\/revisions"}],"predecessor-version":[{"id":16760,"href":"https:\/\/spanishprofessionals.es\/es\/wp-json\/wp\/v2\/pages\/16758\/revisions\/16760"}],"wp:attachment":[{"href":"https:\/\/spanishprofessionals.es\/es\/wp-json\/wp\/v2\/media?parent=16758"}],"curies":[{"name":"wp","href":"https:\/\/api.w.org\/{rel}","templated":true}]}}