{"id":16754,"date":"2019-07-03T14:26:38","date_gmt":"2019-07-03T14:26:38","guid":{"rendered":"https:\/\/spanishprofessionals.es\/?page_id=16754"},"modified":"2020-04-21T12:23:51","modified_gmt":"2020-04-21T12:23:51","slug":"empleadores","status":"publish","type":"page","link":"https:\/\/spanishprofessionals.es\/es\/empleadores\/","title":{"rendered":"Empleadores"},"content":{"rendered":"<p>[vc_row][vc_column]<div class=\"row\">\n\t\t<div class=\"col-lg-8 col-md-8 col-sm-12 col-xs-12 col-lg-offset-2 col-md-offset-2 col-sm-offset-0 col-xs-offset-0\">\n\t\t\t<div class=\"mj_mainheading mj_toppadder80 mj_bottompadder50\">\n\t\t\t\t<h1>Reclutamiento Internacional para Ingenieros<\/h1>\n\t\t\t\t<p>\u00bfCon qu\u00e9 proyecto o gesti\u00f3n de reclutamiento podemos ayudarlo hoy? Queremos saber de ti. Nuestros expertos reclutadores, de cada localidad, est\u00e1n listos para aprender con sus desaf\u00edos en la administraci\u00f3n de recursos humanos y crear las soluciones de personal especializadas que traer\u00e1n a los mejores ingenieros internacionales.<\/p>\n\t\t\t<\/div>\n\t\t<\/div>\n    <\/div>[\/vc_column][\/vc_row][vc_row][vc_column]<div role=\"form\" class=\"wpcf7\" id=\"wpcf7-f18403-o1\" lang=\"en-US\" dir=\"ltr\">\n<div class=\"screen-reader-response\"><p role=\"status\" aria-live=\"polite\" aria-atomic=\"true\"><\/p> <ul><\/ul><\/div>\n<form action=\"\/es\/wp-json\/wp\/v2\/pages\/16754#wpcf7-f18403-o1\" method=\"post\" class=\"wpcf7-form init\" enctype=\"multipart\/form-data\" novalidate=\"novalidate\" data-status=\"init\">\n<div style=\"display: none;\">\n<input type=\"hidden\" name=\"_wpcf7\" value=\"18403\" \/>\n<input type=\"hidden\" name=\"_wpcf7_version\" value=\"5.4.2\" \/>\n<input type=\"hidden\" name=\"_wpcf7_locale\" value=\"en_US\" \/>\n<input type=\"hidden\" name=\"_wpcf7_unit_tag\" value=\"wpcf7-f18403-o1\" \/>\n<input type=\"hidden\" name=\"_wpcf7_container_post\" value=\"0\" \/>\n<input type=\"hidden\" name=\"_wpcf7_posted_data_hash\" value=\"\" \/>\n<input type=\"hidden\" name=\"_wpcf7_recaptcha_response\" value=\"\" \/>\n<\/div>\n<div class=\"mj_postdiv mj_shadow_yellow mj_postpage mj_toppadder50 mj_bottompadder50\">\n<div class=\"col-lg-10 col-md-10 col-sm-12 col-xs-12 col-lg-offset-1 col-md-offset-1\">\n<div class=\"form-group fieldset-company_name\"><label for=\"company\">Nombre de empresa <\/label>\n<div class=\"field\"><span class=\"wpcf7-form-control-wrap company\"><input type=\"text\" name=\"company\" value=\"\" size=\"40\" class=\"wpcf7-form-control wpcf7-text wpcf7-validates-as-required input-text form-control\" id=\"company\" aria-required=\"true\" aria-invalid=\"false\" \/><\/span><\/div>\n<\/div>\n<div class=\"form-group\"><label for=\"your-name\">Persona de contacto <\/label>\n<div class=\"field required-field\"><span class=\"wpcf7-form-control-wrap your-name\"><input type=\"text\" name=\"your-name\" value=\"\" size=\"40\" class=\"wpcf7-form-control wpcf7-text wpcf7-validates-as-required input-text form-control\" id=\"your-name\" aria-required=\"true\" aria-invalid=\"false\" \/><\/span><\/div>\n<\/div>\n<div class=\"form-group\"><label for=\"your-email\">Correo electr\u00f3nico <\/label>\n<div class=\"field required-field\"><span class=\"wpcf7-form-control-wrap your-email\"><input type=\"email\" name=\"your-email\" value=\"\" size=\"40\" class=\"wpcf7-form-control wpcf7-text wpcf7-email wpcf7-validates-as-required wpcf7-validates-as-email input-text form-control\" id=\"your-email\" aria-required=\"true\" aria-invalid=\"false\" \/><\/span><\/div>\n<\/div>\n<div class=\"form-group\"><label for=\"company-tel\">N\u00famero de tel\u00e9fono <\/label>\n<div class=\"field required-field\"><span class=\"wpcf7-form-control-wrap company-tel\"><input type=\"tel\" name=\"company-tel\" value=\"\" size=\"40\" class=\"wpcf7-form-control wpcf7-text wpcf7-tel wpcf7-validates-as-required wpcf7-validates-as-tel input-text form-control\" id=\"company-tel\" aria-required=\"true\" aria-invalid=\"false\" \/><\/span><\/div>\n<\/div>\n<div class=\"form-group\"><label for=\"subject\">Descripci\u00f3n del trabajo <\/label>\n<div class=\"field required-field\"><span class=\"wpcf7-form-control-wrap subject\"><input type=\"text\" name=\"subject\" value=\"\" size=\"40\" class=\"wpcf7-form-control wpcf7-text wpcf7-validates-as-required input-text form-control\" id=\"subject\" aria-required=\"true\" aria-invalid=\"false\" \/><\/span><\/div>\n<\/div>\n<div class=\"form-group  fieldset-company_description\"><span id=\"wpcf7-69dfd50c34f1b-wrapper\" class=\"wpcf7-form-control-wrap website-wrap\" style=\"display:none !important; visibility:hidden !important;\"><label for=\"wpcf7-69dfd50c34f1b-field\" class=\"hp-message\">Por favor, deja este campo vac\u00edo.<\/label><input id=\"wpcf7-69dfd50c34f1b-field\"  class=\"wpcf7-form-control wpcf7-text\" type=\"text\" name=\"website\" value=\"\" size=\"40\" tabindex=\"-1\" autocomplete=\"new-password\" \/><\/span><label for=\"company_description\">Description <small>(Opcional)<\/small> <\/label>\n<div class=\"field required-field\"><span class=\"wpcf7-form-control-wrap company_description\"><textarea name=\"company_description\" cols=\"40\" rows=\"10\" class=\"wpcf7-form-control wpcf7-textarea input-text form-control\" id=\"company_description\" aria-invalid=\"false\"><\/textarea><\/span><\/div>\n<\/div>\n<div class=\"form-group  fieldset-vacancy\"><label for=\"Vacancy\">Subir vacante <small>(Opcional)<\/small> <span class=\"conditions\">(doc, docx, odt o pdf - max 5MB)<\/span><\/label>\n<div class=\"field required-field\"><span class=\"wpcf7-form-control-wrap Vacancy\"><input type=\"file\" name=\"Vacancy\" size=\"40\" class=\"wpcf7-form-control wpcf7-file\" accept=\".doc,.docx,.odt,.pdf\" aria-invalid=\"false\" \/><\/span><\/div>\n<\/div>\n<div class=\"form-group\">\n<span class=\"wpcf7-form-control-wrap recaptcha\"><span data-sitekey=\"6LdkWC0UAAAAAJe7ciWwQiTIEXOa1xY_Gfv7qpTH\" class=\"wpcf7-form-control g-recaptcha wpcf7-recaptcha\"><\/span>\r\n<noscript>\r\n\t<div class=\"grecaptcha-noscript\">\r\n\t\t<iframe src=\"https:\/\/www.google.com\/recaptcha\/api\/fallback?k=6LdkWC0UAAAAAJe7ciWwQiTIEXOa1xY_Gfv7qpTH\" frameborder=\"0\" scrolling=\"no\" width=\"310\" height=\"430\">\r\n\t\t<\/iframe>\r\n\t\t<textarea name=\"g-recaptcha-response\" rows=\"3\" cols=\"40\" placeholder=\"Aqu\u00ed la respuesta de reCAPTCHA\">\r\n\t\t<\/textarea>\r\n\t<\/div>\r\n<\/noscript>\r\n<\/span>\n<\/div>\n<\/div>\n<\/div>\n<div class=\"mj_showmore\">\n<p>\n<input type=\"submit\" value=\"Enviar\" class=\"wpcf7-form-control wpcf7-submit mj_showmorebtn mj_bigbtn mj_yellowbtn\" \/>\n<\/p>\n<\/div>\n<div class=\"wpcf7-response-output\" aria-hidden=\"true\"><\/div><\/form><\/div>[\/vc_column][\/vc_row]<\/p>\n","protected":false},"excerpt":{"rendered":"<p>[vc_row][vc_column][\/vc_column][\/vc_row][vc_row][vc_column][\/vc_column][\/vc_row]<\/p>\n","protected":false},"author":2,"featured_media":0,"parent":0,"menu_order":0,"comment_status":"closed","ping_status":"closed","template":"","meta":[],"yoast_head":"<!-- This site is optimized with the Yoast SEO plugin v17.1 - https:\/\/yoast.com\/wordpress\/plugins\/seo\/ -->\n<title>Empleadores Ingenieros Internacionales - Spanish Professionals<\/title>\n<meta name=\"description\" content=\"\u00bfEst\u00e1n buscando ingenieros internacionales talentosos? Spanish Professionals tiene el candidato que necesitas! P\u00f3ngase en contacto con nosotros hoy.\" \/>\n<meta name=\"robots\" content=\"index, follow, max-snippet:-1, max-image-preview:large, max-video-preview:-1\" \/>\n<link rel=\"canonical\" href=\"https:\/\/spanishprofessionals.es\/es\/empleadores\/\" \/>\n<meta property=\"og:locale\" content=\"es_ES\" \/>\n<meta property=\"og:type\" content=\"article\" \/>\n<meta property=\"og:title\" content=\"Empleadores Ingenieros Internacionales - Spanish Professionals\" \/>\n<meta property=\"og:description\" content=\"\u00bfEst\u00e1n buscando ingenieros internacionales talentosos? Spanish Professionals tiene el candidato que necesitas! P\u00f3ngase en contacto con nosotros hoy.\" \/>\n<meta property=\"og:url\" content=\"https:\/\/spanishprofessionals.es\/es\/empleadores\/\" \/>\n<meta property=\"og:site_name\" content=\"Spanish Professionals\" \/>\n<meta property=\"article:modified_time\" content=\"2020-04-21T12:23:51+00:00\" \/>\n<meta name=\"twitter:card\" content=\"summary\" \/>\n<script type=\"application\/ld+json\" class=\"yoast-schema-graph\">{\"@context\":\"https:\/\/schema.org\",\"@graph\":[{\"@type\":\"WebSite\",\"@id\":\"https:\/\/spanishprofessionals.es\/#website\",\"url\":\"https:\/\/spanishprofessionals.es\/\",\"name\":\"Spanish Professionals\",\"description\":\"\",\"potentialAction\":[{\"@type\":\"SearchAction\",\"target\":{\"@type\":\"EntryPoint\",\"urlTemplate\":\"https:\/\/spanishprofessionals.es\/?s={search_term_string}\"},\"query-input\":\"required name=search_term_string\"}],\"inLanguage\":\"es\"},{\"@type\":\"WebPage\",\"@id\":\"https:\/\/spanishprofessionals.es\/es\/empleadores\/#webpage\",\"url\":\"https:\/\/spanishprofessionals.es\/es\/empleadores\/\",\"name\":\"Empleadores Ingenieros Internacionales - Spanish Professionals\",\"isPartOf\":{\"@id\":\"https:\/\/spanishprofessionals.es\/#website\"},\"datePublished\":\"2019-07-03T14:26:38+00:00\",\"dateModified\":\"2020-04-21T12:23:51+00:00\",\"description\":\"\\u00bfEst\\u00e1n buscando ingenieros internacionales talentosos? Spanish Professionals tiene el candidato que necesitas! P\\u00f3ngase en contacto con nosotros hoy.\",\"breadcrumb\":{\"@id\":\"https:\/\/spanishprofessionals.es\/es\/empleadores\/#breadcrumb\"},\"inLanguage\":\"es\",\"potentialAction\":[{\"@type\":\"ReadAction\",\"target\":[\"https:\/\/spanishprofessionals.es\/es\/empleadores\/\"]}]},{\"@type\":\"BreadcrumbList\",\"@id\":\"https:\/\/spanishprofessionals.es\/es\/empleadores\/#breadcrumb\",\"itemListElement\":[{\"@type\":\"ListItem\",\"position\":1,\"name\":\"Home\",\"item\":\"https:\/\/spanishprofessionals.es\/es\/\"},{\"@type\":\"ListItem\",\"position\":2,\"name\":\"Empleadores\"}]}]}<\/script>\n<!-- \/ Yoast SEO plugin. -->","yoast_head_json":{"title":"Empleadores Ingenieros Internacionales - Spanish Professionals","description":"\u00bfEst\u00e1n buscando ingenieros internacionales talentosos? Spanish Professionals tiene el candidato que necesitas! P\u00f3ngase en contacto con nosotros hoy.","robots":{"index":"index","follow":"follow","max-snippet":"max-snippet:-1","max-image-preview":"max-image-preview:large","max-video-preview":"max-video-preview:-1"},"canonical":"https:\/\/spanishprofessionals.es\/es\/empleadores\/","og_locale":"es_ES","og_type":"article","og_title":"Empleadores Ingenieros Internacionales - Spanish Professionals","og_description":"\u00bfEst\u00e1n buscando ingenieros internacionales talentosos? Spanish Professionals tiene el candidato que necesitas! P\u00f3ngase en contacto con nosotros hoy.","og_url":"https:\/\/spanishprofessionals.es\/es\/empleadores\/","og_site_name":"Spanish Professionals","article_modified_time":"2020-04-21T12:23:51+00:00","twitter_card":"summary","schema":{"@context":"https:\/\/schema.org","@graph":[{"@type":"WebSite","@id":"https:\/\/spanishprofessionals.es\/#website","url":"https:\/\/spanishprofessionals.es\/","name":"Spanish Professionals","description":"","potentialAction":[{"@type":"SearchAction","target":{"@type":"EntryPoint","urlTemplate":"https:\/\/spanishprofessionals.es\/?s={search_term_string}"},"query-input":"required name=search_term_string"}],"inLanguage":"es"},{"@type":"WebPage","@id":"https:\/\/spanishprofessionals.es\/es\/empleadores\/#webpage","url":"https:\/\/spanishprofessionals.es\/es\/empleadores\/","name":"Empleadores Ingenieros Internacionales - Spanish Professionals","isPartOf":{"@id":"https:\/\/spanishprofessionals.es\/#website"},"datePublished":"2019-07-03T14:26:38+00:00","dateModified":"2020-04-21T12:23:51+00:00","description":"\u00bfEst\u00e1n buscando ingenieros internacionales talentosos? Spanish Professionals tiene el candidato que necesitas! P\u00f3ngase en contacto con nosotros hoy.","breadcrumb":{"@id":"https:\/\/spanishprofessionals.es\/es\/empleadores\/#breadcrumb"},"inLanguage":"es","potentialAction":[{"@type":"ReadAction","target":["https:\/\/spanishprofessionals.es\/es\/empleadores\/"]}]},{"@type":"BreadcrumbList","@id":"https:\/\/spanishprofessionals.es\/es\/empleadores\/#breadcrumb","itemListElement":[{"@type":"ListItem","position":1,"name":"Home","item":"https:\/\/spanishprofessionals.es\/es\/"},{"@type":"ListItem","position":2,"name":"Empleadores"}]}]}},"_links":{"self":[{"href":"https:\/\/spanishprofessionals.es\/es\/wp-json\/wp\/v2\/pages\/16754"}],"collection":[{"href":"https:\/\/spanishprofessionals.es\/es\/wp-json\/wp\/v2\/pages"}],"about":[{"href":"https:\/\/spanishprofessionals.es\/es\/wp-json\/wp\/v2\/types\/page"}],"author":[{"embeddable":true,"href":"https:\/\/spanishprofessionals.es\/es\/wp-json\/wp\/v2\/users\/2"}],"replies":[{"embeddable":true,"href":"https:\/\/spanishprofessionals.es\/es\/wp-json\/wp\/v2\/comments?post=16754"}],"version-history":[{"count":7,"href":"https:\/\/spanishprofessionals.es\/es\/wp-json\/wp\/v2\/pages\/16754\/revisions"}],"predecessor-version":[{"id":18405,"href":"https:\/\/spanishprofessionals.es\/es\/wp-json\/wp\/v2\/pages\/16754\/revisions\/18405"}],"wp:attachment":[{"href":"https:\/\/spanishprofessionals.es\/es\/wp-json\/wp\/v2\/media?parent=16754"}],"curies":[{"name":"wp","href":"https:\/\/api.w.org\/{rel}","templated":true}]}}